{"id":16,"date":"2021-06-18T23:10:57","date_gmt":"2021-06-18T21:10:57","guid":{"rendered":"https:\/\/gunnar-henrich.de\/?page_id=16"},"modified":"2026-01-24T16:33:30","modified_gmt":"2026-01-24T15:33:30","slug":"vortraege","status":"publish","type":"page","link":"https:\/\/gunnar-henrich.de\/?page_id=16","title":{"rendered":"VORTR\u00c4GE"},"content":{"rendered":"\n<p><strong><span class=\"underline\" style=\"text-decoration: underline\">Gehaltene Vortr\u00e4ge<\/span><\/strong>:<\/p>\n\n\n\n<p><strong>Taiwan im Wandel \u2013 Geschichte, Politik und Identit\u00e4t<\/strong><\/p>\n\n\n\n<p>Vierteilige Vorlesung an der VHS Bern\/ Schweiz<\/p>\n\n\n\n<p>13.01.2026<\/p>\n\n\n\n<p>20.01.2026<\/p>\n\n\n\n<p>27.01.2026<\/p>\n\n\n\n<p>03.02.2026<\/p>\n\n\n\n<p><strong>Brennpunkt Taiwan &#8211; Mikrochips, Machtspiele und globale Risiken<\/strong><\/p>\n\n\n\n<p>Zweiteilige Vorlesung an der&nbsp;<\/p>\n\n\n\n<p>Volkshochschule Region Solothurn\/ Schweiz<\/p>\n\n\n\n<p>22.01.2026&nbsp;<\/p>\n\n\n\n<p>29.01.2026&nbsp;<\/p>\n\n\n\n<hr class=\"wp-block-separator has-alpha-channel-opacity\"\/>\n\n\n\n<p><strong>Chinas digitale \u00dcberwachung &#8211; K\u00fcnstliche Intelligenz und das soziale Kreditsystem als Machtinstrument<\/strong><\/p>\n\n\n\n<p>VHS Freiburg<\/p>\n\n\n\n<p>Freiburg &#8211; 27.11.2025<\/p>\n\n\n\n<hr class=\"wp-block-separator has-alpha-channel-opacity\"\/>\n\n\n\n<p><strong>Der B\u00e4r und der Drache. Die russisch-chinesischen Beziehungen<\/strong><\/p>\n\n\n\n<p>Vortrag im Rahmen des Seminars der Konrad Adenauer Stiftung:<br><br><em>Russland in der \u00c4ra Putin.<br>Wohin strebt der russische B\u00e4r?<\/em><\/p>\n\n\n\n<p>Seminar der Konrad Adenauer Stiftung in St. Peter vom 21. bis 23. November 2025<br><\/p>\n\n\n\n<hr class=\"wp-block-separator has-alpha-channel-opacity\"\/>\n\n\n\n<p><strong>Vom Armenhaus zur Weltmacht &#8211; Die Geschichte der Volksrepublik China<\/strong><\/p>\n\n\n\n<p>Vierteilige Vorlesung an der Volkshochschule Bern\/Schweiz vom 28. April bis 19. Mai 2025<\/p>\n\n\n\n<hr class=\"wp-block-separator has-alpha-channel-opacity\"\/>\n\n\n\n<p><strong>Trump und China &#8211; Der Beginn eines neuen Ost-West-Konfliktes?<\/strong><\/p>\n\n\n\n<p>Vortrag <a href=\"https:\/\/www.vhs-freiburg.de\/kurse\/politik-gesellschaft-umwelt\/politik-zeitgeschehen\/kurs\/Trump-und-China-Der-Beginn-eines-neuen-Ost-West-Konfliktes-Vortrag\/251102438\" data-type=\"link\" data-id=\"https:\/\/www.vhs-freiburg.de\/kurse\/politik-gesellschaft-umwelt\/politik-zeitgeschehen\/kurs\/Trump-und-China-Der-Beginn-eines-neuen-Ost-West-Konfliktes-Vortrag\/251102438\" target=\"_blank\" rel=\"noreferrer noopener\">VHS Freiburg<\/a> am 10.04.2025<\/p>\n\n\n\n<hr class=\"wp-block-separator has-alpha-channel-opacity\"\/>\n\n\n\n<p><strong>Taiwan &#8211; Der Aufziehende Sturm<\/strong><\/p>\n\n\n\n<p>Zweiteilige Vorlesung an der Volkshochschule beider Basel<\/p>\n\n\n\n<ul class=\"wp-block-list\">\n<li><span style=\"text-decoration: underline;\">22.01.2025<\/span><br>Teil 1: \u201eEine Insel, ein Land-ein Staat?\u201c <br><em>Wie wurde Taiwan zu dem, was es heute ist?<\/em><\/li>\n<\/ul>\n\n\n\n<ul class=\"wp-block-list\">\n<li><span style=\"text-decoration: underline;\">29.01.2025<\/span><br>Teil 2: \u201eInsel im Sturm\u201c&nbsp;<br><em>Taiwan im Jahr 2025. Politik, Gesellschaft, Wirtschaft- mit welcher Zukunft?<\/em><\/li>\n<\/ul>\n\n\n\n<p>Basel\/Schweiz &#8211; Januar 2025<\/p>\n\n\n\n<hr class=\"wp-block-separator has-alpha-channel-opacity\"\/>\n\n\n\n<p><strong>Seminar der Konrad-Adenauer-Stiftung &#8222;China &#8211; Weltmacht, Wirtschaftspartner und Rivale&#8220;<\/strong><\/p>\n\n\n\n<p>Dort gehaltene Vortr\u00e4ge:<\/p>\n\n\n\n<p><em>Wirtschaftspartner und systemische Rivalen: Die EU und China<\/em><\/p>\n\n\n\n<p><em>Fokus Taiwan: Politik und Geschichte einer erfolgreichen Demokratie und global bedeutenden Wirtschaftsmacht<\/em><\/p>\n\n\n\n<p><em>Adler gegen Drachen? China und die USA<\/em><\/p>\n\n\n\n<p>St. Peter \/ Schwarzwald &#8211; 23.11.2024<\/p>\n\n\n\n<hr class=\"wp-block-separator has-alpha-channel-opacity\"\/>\n\n\n\n<p><strong>Vortrag bei der VHS Freiburg<\/strong><\/p>\n\n\n\n<p><em>China und Amerika &#8211; Der aufziehende Sturm<\/em><\/p>\n\n\n\n<div class=\"wp-block-group\"><div class=\"wp-block-group__inner-container is-layout-constrained wp-block-group-is-layout-constrained\"><style>.wp-block-kadence-advancedgallery .kb-gallery-type-masonry.kb-gallery-id-16_ed0333-c7{margin:-25px;}.kb-gallery-type-masonry.kb-gallery-id-16_ed0333-c7 .kadence-blocks-gallery-item{padding:25px;}.kb-gallery-id-16_ed0333-c7 .kadence-blocks-gallery-item .kb-gal-image-radius, .kb-gallery-id-16_ed0333-c7 .kb-slide-item .kb-gal-image-radius img{border-radius:0px 0px 0px 0px;;}<\/style><div class=\"kb-gallery-wrap-id-16_ed0333-c7 alignnone wp-block-kadence-advancedgallery\"><ul class=\"kb-gallery-ul kb-gallery-non-static kb-gallery-type-masonry kb-masonry-init kb-gallery-id-16_ed0333-c7 kb-gallery-caption-style-bottom-hover kb-gallery-filter-none\" data-image-filter=\"none\" data-item-selector=\".kadence-blocks-gallery-item\" data-lightbox-caption=\"true\" data-columns-xxl=\"3\" data-columns-xl=\"3\" data-columns-md=\"3\" data-columns-sm=\"2\" data-columns-xs=\"1\" data-columns-ss=\"1\"><li class=\"kadence-blocks-gallery-item\"><div class=\"kadence-blocks-gallery-item-inner\"><figure class=\"kb-gallery-figure kb-gallery-item-has-link kadence-blocks-gallery-item-hide-caption\"><a href=\"https:\/\/gunnar-henrich.de\/wp-content\/uploads\/2024\/10\/IMG-20241021-WA0013.jpg\" class=\"kb-gallery-item-link\"  ><div class=\"kb-gal-image-radius\" style=\"max-width:1024px;\"><div class=\"kb-gallery-image-contain kadence-blocks-gallery-intrinsic\" style=\"padding-bottom:75%;\"><img loading=\"lazy\" decoding=\"async\" src=\"https:\/\/gunnar-henrich.de\/wp-content\/uploads\/2024\/10\/IMG-20241021-WA0013-1024x768.jpg\" width=\"1024\" height=\"768\" alt=\"\" data-full-image=\"https:\/\/gunnar-henrich.de\/wp-content\/uploads\/2024\/10\/IMG-20241021-WA0013.jpg\" data-light-image=\"https:\/\/gunnar-henrich.de\/wp-content\/uploads\/2024\/10\/IMG-20241021-WA0013.jpg\" data-id=\"303\" class=\"wp-image-303\" srcset=\"https:\/\/gunnar-henrich.de\/wp-content\/uploads\/2024\/10\/IMG-20241021-WA0013-1024x768.jpg 1024w, https:\/\/gunnar-henrich.de\/wp-content\/uploads\/2024\/10\/IMG-20241021-WA0013-300x225.jpg 300w, https:\/\/gunnar-henrich.de\/wp-content\/uploads\/2024\/10\/IMG-20241021-WA0013-768x576.jpg 768w, https:\/\/gunnar-henrich.de\/wp-content\/uploads\/2024\/10\/IMG-20241021-WA0013-1536x1152.jpg 1536w, https:\/\/gunnar-henrich.de\/wp-content\/uploads\/2024\/10\/IMG-20241021-WA0013-676x507.jpg 676w, https:\/\/gunnar-henrich.de\/wp-content\/uploads\/2024\/10\/IMG-20241021-WA0013.jpg 1600w\" sizes=\"auto, (max-width: 1024px) 100vw, 1024px\" \/><\/div><\/div><\/a><\/figure><\/div><\/li><li class=\"kadence-blocks-gallery-item\"><div class=\"kadence-blocks-gallery-item-inner\"><figure class=\"kb-gallery-figure kb-gallery-item-has-link kadence-blocks-gallery-item-hide-caption\"><a href=\"https:\/\/gunnar-henrich.de\/wp-content\/uploads\/2024\/10\/IMG-20241021-WA0012.jpg\" class=\"kb-gallery-item-link\"  ><div class=\"kb-gal-image-radius\" style=\"max-width:768px;\"><div class=\"kb-gallery-image-contain kadence-blocks-gallery-intrinsic\" style=\"padding-bottom:133%;\"><img loading=\"lazy\" decoding=\"async\" src=\"https:\/\/gunnar-henrich.de\/wp-content\/uploads\/2024\/10\/IMG-20241021-WA0012-768x1024.jpg\" width=\"768\" height=\"1024\" alt=\"\" data-full-image=\"https:\/\/gunnar-henrich.de\/wp-content\/uploads\/2024\/10\/IMG-20241021-WA0012.jpg\" data-light-image=\"https:\/\/gunnar-henrich.de\/wp-content\/uploads\/2024\/10\/IMG-20241021-WA0012.jpg\" data-id=\"302\" class=\"wp-image-302\" srcset=\"https:\/\/gunnar-henrich.de\/wp-content\/uploads\/2024\/10\/IMG-20241021-WA0012-768x1024.jpg 768w, https:\/\/gunnar-henrich.de\/wp-content\/uploads\/2024\/10\/IMG-20241021-WA0012-225x300.jpg 225w, https:\/\/gunnar-henrich.de\/wp-content\/uploads\/2024\/10\/IMG-20241021-WA0012-1152x1536.jpg 1152w, https:\/\/gunnar-henrich.de\/wp-content\/uploads\/2024\/10\/IMG-20241021-WA0012-676x901.jpg 676w, https:\/\/gunnar-henrich.de\/wp-content\/uploads\/2024\/10\/IMG-20241021-WA0012.jpg 1200w\" sizes=\"auto, (max-width: 768px) 100vw, 768px\" \/><\/div><\/div><\/a><\/figure><\/div><\/li><\/ul><\/div><\/div><\/div>\n\n\n\n<p>Freiburg &#8211; 21.10.2024<\/p>\n\n\n\n<hr class=\"wp-block-separator has-alpha-channel-opacity\"\/>\n\n\n\n<p><strong>Vorlesungsserie an vier Abenden (VHS Basel &#8211; Schweiz<\/strong>)<\/p>\n\n\n\n<p><em>Die Volksrepublik China \u2013 vom Armenhaus zur Weltmacht<\/em><\/p>\n\n\n\n<p>Ein historischer Abriss<\/p>\n\n\n\n<p>Basel (Schweiz) &#8211; Januar 2024<\/p>\n\n\n\n<hr class=\"wp-block-separator has-alpha-channel-opacity\"\/>\n\n\n\n<p><strong>Vortrag bei der VHS Freiburg<\/strong><\/p>\n\n\n\n<p>&#8222;213 &#8211; Taiwan &#8211; Worum es eigentlich geht&#8220;<\/p>\n\n\n\n<p><em>Was in Zukunft drohen k\u00f6nnte und warum es uns alle angeht<\/em><\/p>\n\n\n\n<p>Freiburg &#8211; 12.10.2023<\/p>\n\n\n\n<hr class=\"wp-block-separator has-alpha-channel-opacity\"\/>\n\n\n\n<p><strong>Vortrag bei der Seniorenunion Freiburg<\/strong><\/p>\n\n\n\n<p>&#8222;<em>Der chinesische Traum und die internationale Realit\u00e4t<\/em>&#8222;<\/p>\n\n\n\n<p>Freiburg &#8211; 20.03.2023<\/p>\n\n\n\n<hr class=\"wp-block-separator has-alpha-channel-opacity\"\/>\n\n\n\n<div class=\"wp-block-group is-vertical is-layout-flex wp-container-core-group-is-layout-8cf370e7 wp-block-group-is-layout-flex\">\n<p><strong>Seminar &#8222;Europa hat Zukunft!&#8220; der Konrad-Adenauer-Stiftung<\/strong><br><br>Kontinuit\u00e4t und Wandel in der EU-Au\u00dfenpolitik gegen\u00fcber China<br><br>EU-China: Herausforderung und Wettbewerb durch die &#8222;Neue Seidenstra\u00dfe&#8220;<br><br>Stra\u00dfburg\/Frankreich &#8211; 25.09.2022<\/p>\n<\/div>\n\n\n\n<hr class=\"wp-block-separator has-alpha-channel-opacity\"\/>\n\n\n\n<p><strong>Tagungsleitung des Seminars der Konrad-Adenauer-Stiftung<\/strong><\/p>\n\n\n\n<p>(Keine) Liebesgr\u00fc\u00dfe aus Moskau?<\/p>\n\n\n\n<p>Putins Russland und Europa<\/p>\n\n\n\n<p>dort Pr\u00e4sentation des Vortrags:<\/p>\n\n\n\n<p>Die russisch-chinesischen Beziehungen vor dem<br>Hintergrund der Ukraine-Krieges<\/p>\n\n\n\n<p>St. Peter\/ Schwarzwald &#8211; 18. M\u00e4rz bis 19. M\u00e4rz 2022<\/p>\n\n\n\n<hr class=\"wp-block-separator has-css-opacity\"\/>\n\n\n\n<p><strong>Tagungsleitung des Seminars der Konrad-Adenauer-Stiftung<\/strong><\/p>\n\n\n\n<p>&#8222;Die Volksrepublik China \u2013 Strategischer Partner oder Systemrivale?&#8220;<\/p>\n\n\n\n<p><\/p>\n\n\n\n<p><strong>Vortr\u00e4ge dort<\/strong>:<\/p>\n\n\n\n<p>Chinas Einfluss in der Welt I<\/p>\n\n\n\n<p><strong>Chinesische Erfolgsgeschichten: Chinas kultureller Austausch mit dem Westen<\/strong><\/p>\n\n\n\n<p>Konkurrenten oder Partner I<\/p>\n\n\n\n<p><strong>Geteilter Himmel \u00fcber Afrika? Systemkonkurrenz in Entwicklungsl\u00e4ndern<\/strong><\/p>\n\n\n\n<p>St. Peter \/ Schwarzwald &#8211; 5. November 2021 \u2013 6. November 2021<\/p>\n\n\n\n<hr class=\"wp-block-separator has-css-opacity is-style-default\"\/>\n\n\n\n<p><strong>GLOBAL STUDIES \u201eChina goes Africa: Vortrag und Diskussion zu Chinas wirtschaftlichem und politischem Engagement in Afrika \u201c<\/strong><\/p>\n\n\n\n<div class=\"wp-block-group\"><div class=\"wp-block-group__inner-container is-layout-flow wp-block-group-is-layout-flow\">\n<p>Vortrag f\u00fcr das Zentrum f\u00fcr Schulqualit\u00e4t und Lehrerbildung (ZSL) Au\u00dfenstelle Esslingen &#8211; 26. Juli 2021<br><\/p>\n\n\n\n<figure class=\"wp-block-gallery has-nested-images columns-3 is-cropped wp-block-gallery-1 is-layout-flex wp-block-gallery-is-layout-flex\">\n<figure class=\"wp-block-image size-full\"><a href=\"https:\/\/gunnar-henrich.de\/wp-content\/uploads\/2021\/08\/IMG-20210727-WA0007.jpg\"><img loading=\"lazy\" decoding=\"async\" width=\"1600\" height=\"1200\" data-id=\"136\" src=\"https:\/\/gunnar-henrich.de\/wp-content\/uploads\/2021\/08\/IMG-20210727-WA0007.jpg\" alt=\"\" class=\"wp-image-136\" srcset=\"https:\/\/gunnar-henrich.de\/wp-content\/uploads\/2021\/08\/IMG-20210727-WA0007.jpg 1600w, https:\/\/gunnar-henrich.de\/wp-content\/uploads\/2021\/08\/IMG-20210727-WA0007-300x225.jpg 300w, https:\/\/gunnar-henrich.de\/wp-content\/uploads\/2021\/08\/IMG-20210727-WA0007-1024x768.jpg 1024w, https:\/\/gunnar-henrich.de\/wp-content\/uploads\/2021\/08\/IMG-20210727-WA0007-768x576.jpg 768w, https:\/\/gunnar-henrich.de\/wp-content\/uploads\/2021\/08\/IMG-20210727-WA0007-1536x1152.jpg 1536w, https:\/\/gunnar-henrich.de\/wp-content\/uploads\/2021\/08\/IMG-20210727-WA0007-676x507.jpg 676w\" sizes=\"auto, (max-width: 1600px) 100vw, 1600px\" \/><\/a><\/figure>\n\n\n\n<figure class=\"wp-block-image size-full\"><a href=\"https:\/\/gunnar-henrich.de\/wp-content\/uploads\/2021\/08\/IMG-20210727-WA0009-1.jpg\"><img loading=\"lazy\" decoding=\"async\" width=\"1600\" height=\"1200\" data-id=\"117\" src=\"https:\/\/gunnar-henrich.de\/wp-content\/uploads\/2021\/08\/IMG-20210727-WA0009-1.jpg\" alt=\"\" class=\"wp-image-117\" srcset=\"https:\/\/gunnar-henrich.de\/wp-content\/uploads\/2021\/08\/IMG-20210727-WA0009-1.jpg 1600w, https:\/\/gunnar-henrich.de\/wp-content\/uploads\/2021\/08\/IMG-20210727-WA0009-1-300x225.jpg 300w, https:\/\/gunnar-henrich.de\/wp-content\/uploads\/2021\/08\/IMG-20210727-WA0009-1-1024x768.jpg 1024w, https:\/\/gunnar-henrich.de\/wp-content\/uploads\/2021\/08\/IMG-20210727-WA0009-1-768x576.jpg 768w, https:\/\/gunnar-henrich.de\/wp-content\/uploads\/2021\/08\/IMG-20210727-WA0009-1-1536x1152.jpg 1536w, https:\/\/gunnar-henrich.de\/wp-content\/uploads\/2021\/08\/IMG-20210727-WA0009-1-676x507.jpg 676w\" sizes=\"auto, (max-width: 1600px) 100vw, 1600px\" \/><\/a><\/figure>\n\n\n\n<figure class=\"wp-block-image size-full\"><a href=\"https:\/\/gunnar-henrich.de\/wp-content\/uploads\/2021\/08\/IMG-20210727-WA0014.jpg\"><img loading=\"lazy\" decoding=\"async\" width=\"1600\" height=\"1200\" data-id=\"116\" src=\"https:\/\/gunnar-henrich.de\/wp-content\/uploads\/2021\/08\/IMG-20210727-WA0014.jpg\" alt=\"\" class=\"wp-image-116\" srcset=\"https:\/\/gunnar-henrich.de\/wp-content\/uploads\/2021\/08\/IMG-20210727-WA0014.jpg 1600w, https:\/\/gunnar-henrich.de\/wp-content\/uploads\/2021\/08\/IMG-20210727-WA0014-300x225.jpg 300w, https:\/\/gunnar-henrich.de\/wp-content\/uploads\/2021\/08\/IMG-20210727-WA0014-1024x768.jpg 1024w, https:\/\/gunnar-henrich.de\/wp-content\/uploads\/2021\/08\/IMG-20210727-WA0014-768x576.jpg 768w, https:\/\/gunnar-henrich.de\/wp-content\/uploads\/2021\/08\/IMG-20210727-WA0014-1536x1152.jpg 1536w, https:\/\/gunnar-henrich.de\/wp-content\/uploads\/2021\/08\/IMG-20210727-WA0014-676x507.jpg 676w\" sizes=\"auto, (max-width: 1600px) 100vw, 1600px\" \/><\/a><\/figure>\n<\/figure>\n\n\n\n<hr class=\"wp-block-separator has-css-opacity is-style-default\"\/>\n<\/div><\/div>\n\n\n\n<p><strong>GLOBAL STUDIES &#8222;China goes Africa: Chinas politisches und wirtschaftliches Engagement im s\u00fcdlichen Afrika&#8220;<br><\/strong>Vortrag f\u00fcr das Zentrum f\u00fcr Schulqualit\u00e4t und Lehrerbildung (ZSL) Regionalstelle Schw\u00e4bisch Gm\u00fcnd<br>Kaufm\u00e4nnische Schule Aalen &#8211; 06. November 2020<\/p>\n\n\n\n<hr class=\"wp-block-separator has-css-opacity\"\/>\n\n\n\n<p><strong>\u201eChina goes Afrika\u201c<br><\/strong>Vortrag an der Hochschule Aalen f\u00fcr das Studium Generale<br>Aalen &#8211; 02. Dezember 2019<\/p>\n\n\n\n<hr class=\"wp-block-separator has-css-opacity\"\/>\n\n\n\n<p><strong>\u201eChina goes Africa\u201c<br><\/strong>Vortrag an der Volkshochschule Schw\u00e4bisch-Gm\u00fcnd<br>Schw\u00e4bisch Gm\u00fcnd &#8211; 21. M\u00e4rz 2019<br>Presseank\u00fcndigung,  <a rel=\"noreferrer noopener\" href=\"https:\/\/sez.de\/veranstaltungen\/event\/9850\" target=\"_blank\">SEZ<\/a><br><\/p>\n\n\n\n<hr class=\"wp-block-separator has-css-opacity\"\/>\n\n\n\n<p><strong>\u201eChina in Afrika\u201c<br><\/strong>Vortrag bei der Landeszentrale f\u00fcr Politische Bildung Baden-W\u00fcrttemberg<br>Bad Urach &#8211; 08. Dezember 2018<br><\/p>\n\n\n\n<hr class=\"wp-block-separator has-css-opacity\"\/>\n\n\n\n<p><strong>\u201eDer chinesische Traum\u201c<br><\/strong>Vortrag bei der Seniorenunion Freiburg<br>Freiburg &#8211; Juli 2018<br><\/p>\n\n\n\n<hr class=\"wp-block-separator has-css-opacity\"\/>\n\n\n\n<p><strong>\u201eChina in Afrika\u201c<br><\/strong>Vortrag auf dem Stipendiaten-Seminar der Konrad Adenauer Stiftung und der sinologischen Fakult\u00e4t der Universit\u00e4t M\u00fcnster<br>M\u00fcnster &#8211; Mai 2013<br><\/p>\n\n\n\n<hr class=\"wp-block-separator has-css-opacity\"\/>\n\n\n\n<p><strong>\u201eSprache als Waffe der Schwachen: Versicherheitlichungs-Proze\u00df in den chinesisch-afrikanischen Beziehungen\u201c<\/strong><br>Trier &#8211; 09. &#8211; 11. November 2012<br><\/p>\n\n\n\n<hr class=\"wp-block-separator has-css-opacity\"\/>\n\n\n\n<p><strong>Tagungsleitung des Seminars der Konrad-Adenauer-Stiftung<\/strong><\/p>\n\n\n\n<p><strong>China &#8211; die (un)heimliche Weltmacht<\/strong><\/p>\n\n\n\n<p>Waldhof \/Freiburg &#8211; 24. &#8211; 25. Februar 2012<\/p>\n\n\n\n<p>Tagungsbericht:<\/p>\n\n\n\n<p><a href=\"https:\/\/www.kas.de\/de\/web\/suedbaden\/veranstaltungsberichte\/detail\/-\/content\/china-die-un-heimliche-weltmacht\">https:\/\/www.kas.de\/de\/web\/suedbaden\/veranstaltungsberichte\/detail\/-\/content\/china-die-un-heimliche-weltmacht<\/a><\/p>\n\n\n\n<hr class=\"wp-block-separator has-css-opacity\"\/>\n\n\n\n<p><strong>\u201eMacht und Widerstand in den Beziehungen Chinas zur ASEAN und zu afrikanischen Staaten\u201c<br><\/strong>Akademie f\u00fcr Politische Bildung<br>Tutzing &#8211; 17. November 2011<br><\/p>\n\n\n\n<hr class=\"wp-block-separator has-css-opacity\"\/>\n\n\n\n<p><strong>\u201eChina und Afrika\u201c<\/strong><br>\u201eMilestones 2011\u201c Promovierenden-Tagung der Internationalen Graduiertenakademie der Universit\u00e4t Freiburg<br>Freiburg &#8211; Juli 2011<br><\/p>\n\n\n\n<hr class=\"wp-block-separator has-css-opacity\"\/>\n\n\n\n<p><strong>\u201eMethoden und Ziele der chinesischen Afrikapolitik am Beispiel Sambia\u201c<\/strong><br>5. DGA &#8211; Nachwuchstagung \u201eAsien in Bewegung: Politischer, kultureller und gesellschaftlicher Wandel einer Weltregion\u201c<br>Evangelische Akademie Arnoldshain &#8211; 29. April &#8211; 01. Mai 2011<br><\/p>\n\n\n\n<hr class=\"wp-block-separator has-css-opacity\"\/>\n\n\n\n<p><strong>\u201eChinas Engagement in Afrika-Zeichen f\u00fcr Machtverschiebung\u201c<br><\/strong>Gestaltung des Panels bei der Afrikawissenschaftlichen Nachwuchstagung KANT 3 an der Universit\u00e4t K\u00f6ln<br>K\u00f6ln 05. &#8211; 07. November 2010<br><\/p>\n\n\n\n<hr class=\"wp-block-separator has-css-opacity\"\/>\n<div class=\"shariff\" data-services=\"facebook\" data-url=\"https:\/\/gunnar-henrich.de\/?page_id=16\" data-timestamp=\"1769272410\" data-backendurl=\"?rest_route=\/shariff\/v1\/share_counts&\"><ul class=\"shariff-buttons theme-default orientation-horizontal buttonsize-medium\"><li class=\"shariff-button mastodon shariff-nocustomcolor\" style=\"background-color:#563ACC\"><a href=\"https:\/\/s2f.kytta.dev\/?text=VORTR%C3%84GE https%3A%2F%2Fgunnar-henrich.de%2F%3Fpage_id%3D16\" title=\"Bei Mastodon teilen\" aria-label=\"Bei Mastodon teilen\" role=\"button\" rel=\"noopener nofollow\" class=\"shariff-link\" style=\"; background-color:#6364FF; color:#fff\" target=\"_blank\"><span class=\"shariff-icon\" style=\"\"><svg width=\"75\" height=\"79\" viewBox=\"0 0 75 79\" fill=\"none\" xmlns=\"http:\/\/www.w3.org\/2000\/svg\"><path d=\"M37.813-.025C32.462-.058 27.114.13 21.79.598c-8.544.621-17.214 5.58-20.203 13.931C-1.12 23.318.408 32.622.465 41.65c.375 7.316.943 14.78 3.392 21.73 4.365 9.465 14.781 14.537 24.782 15.385 7.64.698 15.761-.213 22.517-4.026a54.1 54.1 0 0 0 .01-6.232c-6.855 1.316-14.101 2.609-21.049 1.074-3.883-.88-6.876-4.237-7.25-8.215-1.53-3.988 3.78-.43 5.584-.883 9.048 1.224 18.282.776 27.303-.462 7.044-.837 14.26-4.788 16.65-11.833 2.263-6.135 1.215-12.79 1.698-19.177.06-3.84.09-7.692-.262-11.52C72.596 7.844 63.223.981 53.834.684a219.453 219.453 0 0 0-16.022-.71zm11.294 12.882c5.5-.067 10.801 4.143 11.67 9.653.338 1.48.471 3 .471 4.515v21.088h-8.357c-.07-7.588.153-15.182-.131-22.765-.587-4.368-7.04-5.747-9.672-2.397-2.422 3.04-1.47 7.155-1.67 10.735v6.392h-8.307c-.146-4.996.359-10.045-.404-15.002-1.108-4.218-7.809-5.565-10.094-1.666-1.685 3.046-.712 6.634-.976 9.936v14.767h-8.354c.109-8.165-.238-16.344.215-24.5.674-5.346 5.095-10.389 10.676-10.627 4.902-.739 10.103 2.038 12.053 6.631.375 1.435 1.76 1.932 1.994.084 1.844-3.704 5.501-6.739 9.785-6.771.367-.044.735-.068 1.101-.073z\"\/><defs><linearGradient id=\"paint0_linear_549_34\" x1=\"37.0692\" y1=\"0\" x2=\"37.0692\" y2=\"79\" gradientUnits=\"userSpaceOnUse\"><stop stop-color=\"#6364FF\"\/><stop offset=\"1\" stop-color=\"#563ACC\"\/><\/linearGradient><\/defs><\/svg><\/span><span class=\"shariff-text\">teilen<\/span>&nbsp;<\/a><\/li><li class=\"shariff-button facebook shariff-nocustomcolor\" style=\"background-color:#4273c8\"><a href=\"https:\/\/www.facebook.com\/sharer\/sharer.php?u=https%3A%2F%2Fgunnar-henrich.de%2F%3Fpage_id%3D16\" title=\"Bei Facebook teilen\" aria-label=\"Bei Facebook teilen\" role=\"button\" rel=\"nofollow\" class=\"shariff-link\" style=\"; background-color:#3b5998; color:#fff\" target=\"_blank\"><span class=\"shariff-icon\" style=\"\"><svg width=\"32px\" height=\"20px\" xmlns=\"http:\/\/www.w3.org\/2000\/svg\" viewBox=\"0 0 18 32\"><path fill=\"#3b5998\" d=\"M17.1 0.2v4.7h-2.8q-1.5 0-2.1 0.6t-0.5 1.9v3.4h5.2l-0.7 5.3h-4.5v13.6h-5.5v-13.6h-4.5v-5.3h4.5v-3.9q0-3.3 1.9-5.2t5-1.8q2.6 0 4.1 0.2z\"\/><\/svg><\/span><span class=\"shariff-text\">teilen<\/span>&nbsp;<\/a><\/li><li class=\"shariff-button linkedin shariff-nocustomcolor\" style=\"background-color:#1488bf\"><a href=\"https:\/\/www.linkedin.com\/sharing\/share-offsite\/?url=https%3A%2F%2Fgunnar-henrich.de%2F%3Fpage_id%3D16\" title=\"Bei LinkedIn teilen\" aria-label=\"Bei LinkedIn teilen\" role=\"button\" rel=\"noopener nofollow\" class=\"shariff-link\" style=\"; background-color:#0077b5; color:#fff\" target=\"_blank\"><span class=\"shariff-icon\" style=\"\"><svg width=\"32px\" height=\"20px\" xmlns=\"http:\/\/www.w3.org\/2000\/svg\" viewBox=\"0 0 27 32\"><path fill=\"#0077b5\" d=\"M6.2 11.2v17.7h-5.9v-17.7h5.9zM6.6 5.7q0 1.3-0.9 2.2t-2.4 0.9h0q-1.5 0-2.4-0.9t-0.9-2.2 0.9-2.2 2.4-0.9 2.4 0.9 0.9 2.2zM27.4 18.7v10.1h-5.9v-9.5q0-1.9-0.7-2.9t-2.3-1.1q-1.1 0-1.9 0.6t-1.2 1.5q-0.2 0.5-0.2 1.4v9.9h-5.9q0-7.1 0-11.6t0-5.3l0-0.9h5.9v2.6h0q0.4-0.6 0.7-1t1-0.9 1.6-0.8 2-0.3q3 0 4.9 2t1.9 6z\"\/><\/svg><\/span><span class=\"shariff-text\">teilen<\/span>&nbsp;<\/a><\/li><li class=\"shariff-button info shariff-nocustomcolor\" style=\"background-color:#eee\"><a href=\"http:\/\/ct.de\/-2467514\" title=\"Weitere Informationen\" aria-label=\"Weitere Informationen\" role=\"button\" rel=\"noopener \" class=\"shariff-link\" style=\"; background-color:#fff; color:#fff\" target=\"_blank\"><span class=\"shariff-icon\" style=\"\"><svg width=\"32px\" height=\"20px\" xmlns=\"http:\/\/www.w3.org\/2000\/svg\" viewBox=\"0 0 11 32\"><path fill=\"#999\" d=\"M11.4 24v2.3q0 0.5-0.3 0.8t-0.8 0.4h-9.1q-0.5 0-0.8-0.4t-0.4-0.8v-2.3q0-0.5 0.4-0.8t0.8-0.4h1.1v-6.8h-1.1q-0.5 0-0.8-0.4t-0.4-0.8v-2.3q0-0.5 0.4-0.8t0.8-0.4h6.8q0.5 0 0.8 0.4t0.4 0.8v10.3h1.1q0.5 0 0.8 0.4t0.3 0.8zM9.2 3.4v3.4q0 0.5-0.4 0.8t-0.8 0.4h-4.6q-0.4 0-0.8-0.4t-0.4-0.8v-3.4q0-0.4 0.4-0.8t0.8-0.4h4.6q0.5 0 0.8 0.4t0.4 0.8z\"\/><\/svg><\/span><\/a><\/li><\/ul><\/div>","protected":false},"excerpt":{"rendered":"<p>Gehaltene Vortr\u00e4ge: Taiwan im Wandel \u2013 Geschichte, Politik und Identit\u00e4t Vierteilige Vorlesung an der VHS Bern\/ Schweiz 13.01.2026 20.01.2026 27.01.2026 03.02.2026 Brennpunkt Taiwan &#8211; Mikrochips, Machtspiele und globale Risiken Zweiteilige Vorlesung an der&nbsp; Volkshochschule Region Solothurn\/ Schweiz 22.01.2026&nbsp; 29.01.2026&nbsp; Chinas digitale \u00dcberwachung &#8211; K\u00fcnstliche Intelligenz und das soziale Kreditsystem als Machtinstrument VHS Freiburg Freiburg &#8211; [&hellip;]<\/p>\n","protected":false},"author":1,"featured_media":0,"parent":0,"menu_order":0,"comment_status":"closed","ping_status":"closed","template":"","meta":{"footnotes":""},"class_list":["post-16","page","type-page","status-publish","hentry","post-preview"],"_links":{"self":[{"href":"https:\/\/gunnar-henrich.de\/index.php?rest_route=\/wp\/v2\/pages\/16","targetHints":{"allow":["GET"]}}],"collection":[{"href":"https:\/\/gunnar-henrich.de\/index.php?rest_route=\/wp\/v2\/pages"}],"about":[{"href":"https:\/\/gunnar-henrich.de\/index.php?rest_route=\/wp\/v2\/types\/page"}],"author":[{"embeddable":true,"href":"https:\/\/gunnar-henrich.de\/index.php?rest_route=\/wp\/v2\/users\/1"}],"replies":[{"embeddable":true,"href":"https:\/\/gunnar-henrich.de\/index.php?rest_route=%2Fwp%2Fv2%2Fcomments&post=16"}],"version-history":[{"count":58,"href":"https:\/\/gunnar-henrich.de\/index.php?rest_route=\/wp\/v2\/pages\/16\/revisions"}],"predecessor-version":[{"id":358,"href":"https:\/\/gunnar-henrich.de\/index.php?rest_route=\/wp\/v2\/pages\/16\/revisions\/358"}],"wp:attachment":[{"href":"https:\/\/gunnar-henrich.de\/index.php?rest_route=%2Fwp%2Fv2%2Fmedia&parent=16"}],"curies":[{"name":"wp","href":"https:\/\/api.w.org\/{rel}","templated":true}]}}