{"id":44,"date":"2021-06-19T00:16:01","date_gmt":"2021-06-18T22:16:01","guid":{"rendered":"https:\/\/gunnar-henrich.de\/?page_id=44"},"modified":"2022-03-29T10:13:32","modified_gmt":"2022-03-29T08:13:32","slug":"startseite","status":"publish","type":"page","link":"https:\/\/gunnar-henrich.de\/","title":{"rendered":"\u00dcBER MICH&#8230;"},"content":{"rendered":"\n<p class=\"has-accent-color has-text-color\">&#8222;<em>China ist dem Wortsinne nach eine d\u00fcstere Gro\u00dfmacht, weil wir nicht f\u00fchlen was sie f\u00fchlen, nicht wissen was sie denken und nicht einmal ahnen, was sie planen.<\/em>&#8222;<\/p>\n\n\n\n<p class=\"has-accent-color has-text-color\"><em>Gabor Steingart<\/em><\/p>\n\n\n\n<p class=\"has-text-align-center\"><\/p>\n\n\n\n<p>Dieses spannende Zitat war Ausl\u00f6ser f\u00fcr mich, die Volksrepublik China als wissenschaftliches Forschungsobjekt zu w\u00e4hlen.<\/p>\n\n\n\n<p><strong>Warum China?<\/strong><\/p>\n\n\n\n<p>An China ist vieles faszinierend. Allein die weltpolitische Bedeutung &#8211; vor wenigen Jahrzehnten noch Entwicklungsland, steht China nun gleichberechtigt neben den USA. Die reinen Zahlen, das wirtschaftliche Wachstum, die gro\u00dfe Bev\u00f6lkerung. Ich finde die Frage spannend, wohin sich China politisch entwickeln wird und wie die Welt darauf reagiert. Das Tempo, mit dem sich China und damit die internationale Ordnung ver\u00e4ndert, ist atemberaubend und l\u00e4sst keinen historischen Vergleich zu. Nicht zu vergessen, das Essen, mit dem wohl nur das franz\u00f6sische an Auswahl und kultureller-zwischenmenschlicher Bedeutung mithalten kann.<\/p>\n\n\n\n<p><strong>\u00dcber mich<\/strong><\/p>\n\n\n\n<p><img loading=\"lazy\" decoding=\"async\" width=\"640\" height=\"427\" class=\"wp-image-189\" style=\"width: 640px;\" src=\"https:\/\/gunnar-henrich.de\/wp-content\/uploads\/2022\/03\/DrHenrichG_030-scaled.jpg\" alt=\"\" srcset=\"https:\/\/gunnar-henrich.de\/wp-content\/uploads\/2022\/03\/DrHenrichG_030-scaled.jpg 2560w, https:\/\/gunnar-henrich.de\/wp-content\/uploads\/2022\/03\/DrHenrichG_030-300x200.jpg 300w, https:\/\/gunnar-henrich.de\/wp-content\/uploads\/2022\/03\/DrHenrichG_030-1024x683.jpg 1024w, https:\/\/gunnar-henrich.de\/wp-content\/uploads\/2022\/03\/DrHenrichG_030-768x512.jpg 768w, https:\/\/gunnar-henrich.de\/wp-content\/uploads\/2022\/03\/DrHenrichG_030-1536x1024.jpg 1536w, https:\/\/gunnar-henrich.de\/wp-content\/uploads\/2022\/03\/DrHenrichG_030-2048x1365.jpg 2048w, https:\/\/gunnar-henrich.de\/wp-content\/uploads\/2022\/03\/DrHenrichG_030-676x451.jpg 676w\" sizes=\"auto, (max-width: 640px) 100vw, 640px\" \/><\/p>\n\n\n\n<p>Ich bin Dr. phil. Gunnar Henrich M.A., habe bei Herrn Professor Xuewu Gu, dem einzigen chinesischst\u00e4mmigen Politikwissenschaftler in der Bundesrepublik, in politischen Wissenschaften promoviert und in China an der Soochow University in Suzhou in der Provinz Jiangsu studiert. Herr Professor Gu ist Experte f\u00fcr das Thema der chinesischen Afrikapolitik und daher w\u00e4hlte ich den Einfluss Chinas in Afrika als Promotionsobjekt. Dabei habe ich zwei Staaten im afrikanischen S\u00fcden untersucht, in denen sich ein relativ neues Ph\u00e4nomen deutlich zeigt. Die Ablehnung und den zunehmenden Widerstand der Chinesen durch die afrikanische Bev\u00f6lkerung und den Missbrauch des Widerstands durch populistische Politiker, der teilweise in rassistische Ressentiments umschl\u00e4gt.<\/p>\n\n\n\n<p><strong>Meine Arbeit heute<\/strong><\/p>\n\n\n\n<p>Meine Dissertation ist unter dem Titel &#8222;Antichinesischer Protest in Sambia und Namibia &#8211; politische Verstimmungen oder rassistische Ressentiments?&#8220; bei Tectum Nomos erschienen. Zurzeit besch\u00e4ftige ich mich mit den intransparenten Kreditbedingungen Chinas an afrikanische Staaten, durch die China immer mehr Einfluss gewinnt. Mit Vortr\u00e4gen im Rahmen des Studium Generale, f\u00fcr die Landeszentrale f\u00fcr politische Bildung in Baden-W\u00fcrttemberg und in der Lehrerfortbildung ist die Vermittlung meines Wissens \u00fcber China zu einem besonderen Anliegen geworden.<\/p>\n\n\n\n<p>Ich m\u00f6chte besonders auf meine anekdotisch-humoristischen Beobachtungen \u00fcber den chinesischen Alltag verweisen, die alle auf einer <a rel=\"noreferrer noopener\" href=\"https:\/\/interculturecapital.de\/?s=gunnar\" target=\"_blank\">Chinaplattform<\/a> ver\u00f6ffentlicht wurden. Ich freue mich \u00fcber Anfragen zu Vortr\u00e4gen, vor allem zu den Gebieten chinesische Machtpolitik in Afrika, afrikanische Reaktionen und Formen der Konfrontation. Auf den folgenden Seiten finden Sie meine <a href=\"https:\/\/www.gunnar-henrich.de\/publikationen\">Ver\u00f6ffentlichungen<\/a> \u00fcber China und eine Liste der bisherigen <a href=\"https:\/\/gunnar-henrich.de\/vortraege\">Vortr\u00e4ge<\/a>.<\/p>\n\n\n\n<p>Lernen Sie mich kennen &#8211; und mit mir China!<\/p>\n<div class=\"shariff\" data-services=\"facebook\" data-url=\"https:\/\/gunnar-henrich.de\/\" data-timestamp=\"1648548812\" data-backendurl=\"?rest_route=\/shariff\/v1\/share_counts&\"><ul class=\"shariff-buttons theme-default orientation-horizontal buttonsize-medium\"><li class=\"shariff-button mastodon shariff-nocustomcolor\" style=\"background-color:#563ACC\"><a href=\"https:\/\/s2f.kytta.dev\/?text=%C3%9CBER%20MICH%E2%80%A6 https%3A%2F%2Fgunnar-henrich.de%2F\" title=\"Bei Mastodon teilen\" aria-label=\"Bei Mastodon teilen\" role=\"button\" rel=\"noopener nofollow\" class=\"shariff-link\" style=\"; background-color:#6364FF; color:#fff\" target=\"_blank\"><span class=\"shariff-icon\" style=\"\"><svg width=\"75\" height=\"79\" viewBox=\"0 0 75 79\" fill=\"none\" xmlns=\"http:\/\/www.w3.org\/2000\/svg\"><path d=\"M37.813-.025C32.462-.058 27.114.13 21.79.598c-8.544.621-17.214 5.58-20.203 13.931C-1.12 23.318.408 32.622.465 41.65c.375 7.316.943 14.78 3.392 21.73 4.365 9.465 14.781 14.537 24.782 15.385 7.64.698 15.761-.213 22.517-4.026a54.1 54.1 0 0 0 .01-6.232c-6.855 1.316-14.101 2.609-21.049 1.074-3.883-.88-6.876-4.237-7.25-8.215-1.53-3.988 3.78-.43 5.584-.883 9.048 1.224 18.282.776 27.303-.462 7.044-.837 14.26-4.788 16.65-11.833 2.263-6.135 1.215-12.79 1.698-19.177.06-3.84.09-7.692-.262-11.52C72.596 7.844 63.223.981 53.834.684a219.453 219.453 0 0 0-16.022-.71zm11.294 12.882c5.5-.067 10.801 4.143 11.67 9.653.338 1.48.471 3 .471 4.515v21.088h-8.357c-.07-7.588.153-15.182-.131-22.765-.587-4.368-7.04-5.747-9.672-2.397-2.422 3.04-1.47 7.155-1.67 10.735v6.392h-8.307c-.146-4.996.359-10.045-.404-15.002-1.108-4.218-7.809-5.565-10.094-1.666-1.685 3.046-.712 6.634-.976 9.936v14.767h-8.354c.109-8.165-.238-16.344.215-24.5.674-5.346 5.095-10.389 10.676-10.627 4.902-.739 10.103 2.038 12.053 6.631.375 1.435 1.76 1.932 1.994.084 1.844-3.704 5.501-6.739 9.785-6.771.367-.044.735-.068 1.101-.073z\"\/><defs><linearGradient id=\"paint0_linear_549_34\" x1=\"37.0692\" y1=\"0\" x2=\"37.0692\" y2=\"79\" gradientUnits=\"userSpaceOnUse\"><stop stop-color=\"#6364FF\"\/><stop offset=\"1\" stop-color=\"#563ACC\"\/><\/linearGradient><\/defs><\/svg><\/span><span class=\"shariff-text\">teilen<\/span>&nbsp;<\/a><\/li><li class=\"shariff-button facebook shariff-nocustomcolor\" style=\"background-color:#4273c8\"><a href=\"https:\/\/www.facebook.com\/sharer\/sharer.php?u=https%3A%2F%2Fgunnar-henrich.de%2F\" title=\"Bei Facebook teilen\" aria-label=\"Bei Facebook teilen\" role=\"button\" rel=\"nofollow\" class=\"shariff-link\" style=\"; background-color:#3b5998; color:#fff\" target=\"_blank\"><span class=\"shariff-icon\" style=\"\"><svg width=\"32px\" height=\"20px\" xmlns=\"http:\/\/www.w3.org\/2000\/svg\" viewBox=\"0 0 18 32\"><path fill=\"#3b5998\" d=\"M17.1 0.2v4.7h-2.8q-1.5 0-2.1 0.6t-0.5 1.9v3.4h5.2l-0.7 5.3h-4.5v13.6h-5.5v-13.6h-4.5v-5.3h4.5v-3.9q0-3.3 1.9-5.2t5-1.8q2.6 0 4.1 0.2z\"\/><\/svg><\/span><span class=\"shariff-text\">teilen<\/span>&nbsp;<\/a><\/li><li class=\"shariff-button linkedin shariff-nocustomcolor\" style=\"background-color:#1488bf\"><a href=\"https:\/\/www.linkedin.com\/sharing\/share-offsite\/?url=https%3A%2F%2Fgunnar-henrich.de%2F\" title=\"Bei LinkedIn teilen\" aria-label=\"Bei LinkedIn teilen\" role=\"button\" rel=\"noopener nofollow\" class=\"shariff-link\" style=\"; background-color:#0077b5; color:#fff\" target=\"_blank\"><span class=\"shariff-icon\" style=\"\"><svg width=\"32px\" height=\"20px\" xmlns=\"http:\/\/www.w3.org\/2000\/svg\" viewBox=\"0 0 27 32\"><path fill=\"#0077b5\" d=\"M6.2 11.2v17.7h-5.9v-17.7h5.9zM6.6 5.7q0 1.3-0.9 2.2t-2.4 0.9h0q-1.5 0-2.4-0.9t-0.9-2.2 0.9-2.2 2.4-0.9 2.4 0.9 0.9 2.2zM27.4 18.7v10.1h-5.9v-9.5q0-1.9-0.7-2.9t-2.3-1.1q-1.1 0-1.9 0.6t-1.2 1.5q-0.2 0.5-0.2 1.4v9.9h-5.9q0-7.1 0-11.6t0-5.3l0-0.9h5.9v2.6h0q0.4-0.6 0.7-1t1-0.9 1.6-0.8 2-0.3q3 0 4.9 2t1.9 6z\"\/><\/svg><\/span><span class=\"shariff-text\">teilen<\/span>&nbsp;<\/a><\/li><li class=\"shariff-button info shariff-nocustomcolor\" style=\"background-color:#eee\"><a href=\"http:\/\/ct.de\/-2467514\" title=\"Weitere Informationen\" aria-label=\"Weitere Informationen\" role=\"button\" rel=\"noopener \" class=\"shariff-link\" style=\"; background-color:#fff; color:#fff\" target=\"_blank\"><span class=\"shariff-icon\" style=\"\"><svg width=\"32px\" height=\"20px\" xmlns=\"http:\/\/www.w3.org\/2000\/svg\" viewBox=\"0 0 11 32\"><path fill=\"#999\" d=\"M11.4 24v2.3q0 0.5-0.3 0.8t-0.8 0.4h-9.1q-0.5 0-0.8-0.4t-0.4-0.8v-2.3q0-0.5 0.4-0.8t0.8-0.4h1.1v-6.8h-1.1q-0.5 0-0.8-0.4t-0.4-0.8v-2.3q0-0.5 0.4-0.8t0.8-0.4h6.8q0.5 0 0.8 0.4t0.4 0.8v10.3h1.1q0.5 0 0.8 0.4t0.3 0.8zM9.2 3.4v3.4q0 0.5-0.4 0.8t-0.8 0.4h-4.6q-0.4 0-0.8-0.4t-0.4-0.8v-3.4q0-0.4 0.4-0.8t0.8-0.4h4.6q0.5 0 0.8 0.4t0.4 0.8z\"\/><\/svg><\/span><\/a><\/li><\/ul><\/div>","protected":false},"excerpt":{"rendered":"<p>&#8222;China ist dem Wortsinne nach eine d\u00fcstere Gro\u00dfmacht, weil wir nicht f\u00fchlen was sie f\u00fchlen, nicht wissen was sie denken und nicht einmal ahnen, was sie planen.&#8222; Gabor Steingart Dieses spannende Zitat war Ausl\u00f6ser f\u00fcr mich, die Volksrepublik China als wissenschaftliches Forschungsobjekt zu w\u00e4hlen. Warum China? An China ist vieles faszinierend. Allein die weltpolitische Bedeutung [&hellip;]<\/p>\n","protected":false},"author":1,"featured_media":0,"parent":0,"menu_order":0,"comment_status":"closed","ping_status":"closed","template":"","meta":{"footnotes":""},"class_list":["post-44","page","type-page","status-publish","hentry","post-preview"],"_links":{"self":[{"href":"https:\/\/gunnar-henrich.de\/index.php?rest_route=\/wp\/v2\/pages\/44","targetHints":{"allow":["GET"]}}],"collection":[{"href":"https:\/\/gunnar-henrich.de\/index.php?rest_route=\/wp\/v2\/pages"}],"about":[{"href":"https:\/\/gunnar-henrich.de\/index.php?rest_route=\/wp\/v2\/types\/page"}],"author":[{"embeddable":true,"href":"https:\/\/gunnar-henrich.de\/index.php?rest_route=\/wp\/v2\/users\/1"}],"replies":[{"embeddable":true,"href":"https:\/\/gunnar-henrich.de\/index.php?rest_route=%2Fwp%2Fv2%2Fcomments&post=44"}],"version-history":[{"count":15,"href":"https:\/\/gunnar-henrich.de\/index.php?rest_route=\/wp\/v2\/pages\/44\/revisions"}],"predecessor-version":[{"id":191,"href":"https:\/\/gunnar-henrich.de\/index.php?rest_route=\/wp\/v2\/pages\/44\/revisions\/191"}],"wp:attachment":[{"href":"https:\/\/gunnar-henrich.de\/index.php?rest_route=%2Fwp%2Fv2%2Fmedia&parent=44"}],"curies":[{"name":"wp","href":"https:\/\/api.w.org\/{rel}","templated":true}]}}